{"id":355,"date":"2025-08-19T15:43:09","date_gmt":"2025-08-19T13:43:09","guid":{"rendered":"https:\/\/labancariahotelmdp.com.ar\/menu\/?page_id=355"},"modified":"2025-08-25T17:47:42","modified_gmt":"2025-08-25T15:47:42","slug":"informacion","status":"publish","type":"page","link":"https:\/\/labancariahotelmdp.com.ar\/menu\/en\/informacion\/","title":{"rendered":"Informaci\u00f3n"},"content":{"rendered":"<div id=\"fws_69da966ee0088\"  data-column-margin=\"default\" data-midnight=\"light\"  class=\"wpb_row vc_row-fluid vc_row full-width-section vc_row-o-full-height vc_row-o-columns-bottom vc_row-o-equal-height vc_row-flex parallax_section mobile-disable-bg-image-animation\"  style=\"padding-top: 0px; padding-bottom: 0px; \"><div class=\"row-bg-wrap\" data-bg-animation=\"zoom-out\" data-bg-animation-delay=\"\" data-bg-overlay=\"false\"><div class=\"inner-wrap row-bg-layer using-image\" ><div class=\"row-bg viewport-desktop using-image using-bg-color\" data-parallax-speed=\"medium_fast\" style=\"background-image: url(https:\/\/labancariahotelmdp.com.ar\/menu\/wp-content\/uploads\/2025\/08\/DSC02156.jpg); background-position: center center; background-repeat: no-repeat; background-color: #262626; \"><\/div><\/div><div class=\"row-bg-overlay row-bg-layer\" style=\"background:linear-gradient(0deg, rgb(0,0,0) 0%, rgba(0,0,0,252) 0%, rgba(0,0,0,0) 43%);\"><\/div><\/div><div class=\"row_col_wrap_12 col span_12 light left\">\n\t<div  class=\"vc_col-sm-12 wpb_column column_container vc_column_container col bottom_padding_desktop_40px\"  data-padding-pos=\"all\" data-has-bg-color=\"false\" data-bg-color=\"\" data-bg-opacity=\"1\" data-animation=\"\" data-delay=\"0\" >\n\t\t<div class=\"vc_column-inner\" >\n\t\t\t<div class=\"wpb_wrapper\">\n\t\t\t\t<div id=\"fws_69da966ee08ae\" data-midnight=\"\" data-column-margin=\"10px\" class=\"wpb_row vc_row-fluid vc_row inner_row vc_row-o-equal-height vc_row-flex vc_row-o-content-bottom\"  style=\"\"><div class=\"row-bg-wrap\"> <div class=\"row-bg\" ><\/div> <\/div><div class=\"row_col_wrap_12_inner col span_12  left\">\n\t<div  class=\"vc_col-sm-6 wpb_column column_container vc_column_container col child_column right_padding_desktop_15pct right_padding_tablet_50pct right_padding_phone_15pct\"   data-padding-pos=\"all\" data-has-bg-color=\"false\" data-bg-color=\"\" data-bg-opacity=\"1\" data-animation=\"\" data-delay=\"0\" >\n\t\t<div class=\"vc_column-inner\" >\n\t\t<div class=\"wpb_wrapper\">\n\t\t\t<div class=\"nectar-split-heading\" data-align=\"default\" data-m-align=\"inherit\" data-text-effect=\"letter-reveal-bottom\" data-animation-type=\"line-reveal-by-space\" data-animation-delay=\"0\" data-animation-offset=\"\" data-m-rm-animation=\"\" data-stagger=\"true\" data-custom-font-size=\"true\" data-has-fit-text=\"true\" style=\"font-size: 6vw; line-height: 6.6vw;\"><h1 >La Bancaria Hotel Mar del Plata<\/h1><\/div>\n\t\t<\/div> \n\t<\/div>\n\t<\/div> \n\n\t<div  class=\"vc_col-sm-4 vc_col-xs-9 wpb_column column_container vc_column_container col child_column has-animation left_padding_desktop_30pct left_padding_tablet_0px right_padding_tablet_30pct right_padding_phone_0px\"   data-padding-pos=\"all\" data-has-bg-color=\"false\" data-bg-color=\"\" data-bg-opacity=\"1\" data-animation=\"fade-in\" data-delay=\"300\" >\n\t\t<div class=\"vc_column-inner\" >\n\t\t<div class=\"wpb_wrapper\">\n\t\t\t<div class=\"nectar-responsive-text font_size_min_16px font_size_max_22px font_size_desktop_1-3vw font_line_height_1-6 nectar-link-underline-effect\" style=\"max-width: 375px;\"><h3>Es un honor recibirlos. Deseamos que su estad\u00eda sea placentera y memorable.<\/h3>\n<\/div>\n\t\t<\/div> \n\t<\/div>\n\t<\/div> \n\n\t<div  class=\"vc_col-sm-2 vc_col-xs-3 wpb_column column_container vc_column_container col child_column has-animation no-extra-padding force-desktop-text-align-right inherit_tablet inherit_phone\"   data-padding-pos=\"all\" data-has-bg-color=\"false\" data-bg-color=\"\" data-bg-opacity=\"1\" data-animation=\"fade-in\" data-delay=\"500\" >\n\t\t<div class=\"vc_column-inner\" >\n\t\t<div class=\"wpb_wrapper\">\n\t\t\t<div class=\"nectar-next-section-wrap minimal-arrow alignment_tablet_right alignment_phone_default display_tablet_inherit display_phone_inherit\"  data-align=\"right\" data-custom-color=\"false\">\n    <a href=\"#\" class=\"nectar-next-section skip-hash\">\n      <span class=\"screen-reader-text\">Navigate to the next section<\/span>\n      <svg class=\"next-arrow\" width=\"40px\" height=\"68px\" viewbox=\"0 0 40 50\" xml:space=\"preserve\">\n      <path stroke=\"#ffffff\" stroke-width=\"2\" fill=\"none\" d=\"M 20 0 L 20 51\"><\/path>\n      <polyline stroke=\"#ffffff\" stroke-width=\"2\" fill=\"none\" points=\"12, 44 20, 52 28, 44\"><\/polyline>\n      <\/svg>\n    <\/a>\n  <\/div>\n\t\t<\/div> \n\t<\/div>\n\t<\/div> \n<\/div><\/div>\n\t\t\t<\/div> \n\t\t<\/div>\n\t<\/div> \n<\/div><\/div>\n\t\t<div id=\"fws_69da966ee11cb\"  data-column-margin=\"default\" data-midnight=\"dark\" data-top-percent=\"3%\" data-bottom-percent=\"1%\"  class=\"wpb_row vc_row-fluid vc_row full-width-section  top_padding_phone_10pct\"  style=\"padding-top: calc(100vw * 0.03); padding-bottom: calc(100vw * 0.01); \"><div class=\"row-bg-wrap\" data-bg-animation=\"none\" data-bg-animation-delay=\"\" data-bg-overlay=\"false\"><div class=\"inner-wrap row-bg-layer\" ><div class=\"row-bg viewport-desktop\"  style=\"\"><\/div><\/div><\/div><div class=\"row_col_wrap_12 col span_12 dark left\">\n\t<div  class=\"vc_col-sm-6 wpb_column column_container vc_column_container col padding-2-percent inherit_tablet inherit_phone\"  data-padding-pos=\"all\" data-has-bg-color=\"false\" data-bg-color=\"\" data-bg-opacity=\"1\" data-animation=\"\" data-delay=\"0\" >\n\t\t<div class=\"vc_column-inner\" >\n\t\t\t<div class=\"wpb_wrapper\">\n\t\t\t\t<div class=\"nectar-split-heading\" data-align=\"default\" data-m-align=\"inherit\" data-text-effect=\"default\" data-animation-type=\"default\" data-animation-delay=\"0\" data-animation-offset=\"\" data-m-rm-animation=\"\" data-stagger=\"\" data-custom-font-size=\"false\" ><div class=\"heading-line\" > <div><h2 style=\"color: #1e83ec\"><span style=\"color: #000000\">Consideraciones para una estad\u00eda armoniosa<\/span><\/h2> <\/div> <\/div><\/div><div id=\"fws_69da966ee13ae\" data-midnight=\"\" data-column-margin=\"default\" class=\"wpb_row vc_row-fluid vc_row inner_row\"  style=\"padding-top: 15px; padding-bottom: 25px; \"><div class=\"row-bg-wrap\"> <div class=\"row-bg\" ><\/div> <\/div><div class=\"row_col_wrap_12_inner col span_12  left\">\n\t<div  class=\"vc_col-sm-12 wpb_column column_container vc_column_container col child_column has-animation no-extra-padding inherit_tablet inherit_phone\"   data-padding-pos=\"all\" data-has-bg-color=\"false\" data-bg-color=\"\" data-bg-opacity=\"1\" data-animation=\"fade-in-from-bottom\" data-delay=\"0\" >\n\t\t<div class=\"vc_column-inner\" >\n\t\t<div class=\"wpb_wrapper\">\n\t\t\t\n<div class=\"wpb_text_column wpb_content_element\" >\n\t<div class=\"wpb_wrapper\">\n\t\t<p><span style=\"font-weight: 400;\"><strong>Ambientes libres de humo:<\/strong> No est\u00e1 permitido fumar en habitaciones ni espacios comunes cerrados<\/span><\/p>\n<p><span style=\"font-weight: 400;\"><strong>Seguridad:<\/strong> Asegure siempre la puerta de su habitaci\u00f3n al salir<\/span><\/p>\n<p><span style=\"font-weight: 400;\"><strong>Caja de Seguridad:<\/strong> Previo a realizar el check out, por favor corrobore que la caja de seguridad se encuentre abierta<\/span><\/p>\n<p><span style=\"font-weight: 400;\"><strong>Conducta:<\/strong> Rogamos evitar actitudes o ruidos que puedan alterar la tranquilidad del hotel<\/span><\/p>\n<p><span style=\"font-weight: 400;\"><strong>Importante:<\/strong> En caso de incumplimiento de las pol\u00edticas mencionadas, el establecimiento se reserva el derecho de aplicar cargos adicionales, conforme a lo dispuesto en nuestro reglamento interno.<\/p>\n<p><strong>Vestimenta<\/strong>: Solicitamos a todos los hu\u00e9spedes respetar los c\u00f3digos de vestimenta establecidos en los diferentes espacios del hotel, descriptos en\u00a0el\u00a0reglamento.<br \/>\n<\/span><\/p>\n<p><em><span style=\"font-weight: 400;\">Nuestro equipo de Recepci\u00f3n est\u00e1 a su disposici\u00f3n las 24 horas para asistirlo con todo lo que necesite.<\/span><\/em><\/p>\n<p><span style=\"font-weight: 400;\">\u00a0<\/span><\/p>\n\t<\/div>\n<\/div>\n\n\n\n<a class=\"nectar-button small regular extra-color-3  regular-button\"  role=\"button\" style=\"\" target=\"_blank\" href=\"https:\/\/labancariahotelmdp.com.ar\/menu\/wp-content\/uploads\/2025\/08\/REGLAMENTO-PARA-PASAJEROS-LA-BANCARIA-HOTEL-MAR-DEL-PLATA.pdf\" data-color-override=\"false\" data-hover-color-override=\"false\" data-hover-text-color-override=\"#fff\"><span>Reglamento General del Hotel<\/span><\/a>\n\t\t<\/div> \n\t<\/div>\n\t<\/div> \n<\/div><\/div>\n\t\t\t<\/div> \n\t\t<\/div>\n\t<\/div> \n\n\t<div  class=\"vc_col-sm-3 wpb_column column_container vc_column_container col padding-2-percent inherit_tablet inherit_phone\"  data-padding-pos=\"all\" data-has-bg-color=\"false\" data-bg-color=\"\" data-bg-opacity=\"1\" data-animation=\"\" data-delay=\"0\" >\n\t\t<div class=\"vc_column-inner\" >\n\t\t\t<div class=\"wpb_wrapper\">\n\t\t\t\t\n<div class=\"wpb_text_column wpb_content_element  vc_custom_1755611220950\" >\n\t<div class=\"wpb_wrapper\">\n\t\t<h5><strong>Horarios generales<\/strong><\/h5>\n\t<\/div>\n<\/div>\n\n\n\n<div class=\"nectar-fancy-ul\" data-list-icon=\"icon-salient-thin-line\" data-animation=\"true\" data-animation-delay=\"0\" data-color=\"extra-color-3\" data-spacing=\"default\" data-alignment=\"left\"> \n<ul>\n<li><span style=\"font-weight: 400;\"><strong>Check-in:<\/strong> A partir de las 15:00 hs<\/span><\/li>\n<li><span style=\"font-weight: 400;\"><strong>Check-out:<\/strong> A las 10:00 hs<\/span><\/li>\n<li><span style=\"font-weight: 400;\"><strong>Desayuno:<\/strong> 7 a 10 hs en Viraz\u00f3n Restaurante <\/span><\/li>\n<\/ul>\n <\/div><div class=\"divider-wrap\" data-alignment=\"default\"><div style=\"height: 20px;\" class=\"divider\"><\/div><\/div>\n\t\t\t<\/div> \n\t\t<\/div>\n\t<\/div> \n\n\t<div  class=\"vc_col-sm-3 wpb_column column_container vc_column_container col padding-2-percent inherit_tablet inherit_phone\"  data-padding-pos=\"all\" data-has-bg-color=\"false\" data-bg-color=\"\" data-bg-opacity=\"1\" data-animation=\"\" data-delay=\"0\" >\n\t\t<div class=\"vc_column-inner\" >\n\t\t\t<div class=\"wpb_wrapper\">\n\t\t\t\t\n<div class=\"wpb_text_column wpb_content_element  vc_custom_1756136854261\" >\n\t<div class=\"wpb_wrapper\">\n\t\t<h5><strong>Horarios Espacios<\/strong><\/h5>\n\t<\/div>\n<\/div>\n\n\n\n<div class=\"nectar-fancy-ul\" data-list-icon=\"icon-salient-thin-line\" data-animation=\"true\" data-animation-delay=\"0\" data-color=\"extra-color-3\" data-spacing=\"default\" data-alignment=\"left\"> \n<ul>\n<li><span style=\"font-weight: 400;\"><strong>Spa Las Pircas: De 7 a 21 hs:<\/strong> Exclusivo para mayores de 14 a\u00f1os.<\/span><\/li>\n<li><span style=\"font-weight: 400;\"><strong>Piscina climatizada y Gym:<\/strong> A partir de las 7 hasta las 19 hs <\/span><\/li>\n<li><strong>Viraz\u00f3n Restaurante:<\/strong> 12 a 14 hs almuerzo \/ 20 a 00 hs cena<\/li>\n<li><strong>Oce\u00e1nica Caf\u00e9:<\/strong> 8 a 00 hs<\/li>\n<li><strong>V\u00e9rtigo Rooftop:<\/strong> 20 a 00 hs<\/li>\n<li><strong>Estacionamiento Plaza Espa\u00f1a:<\/strong> 24 hs<\/li>\n<\/ul>\n <\/div><div class=\"divider-wrap\" data-alignment=\"default\"><div style=\"height: 20px;\" class=\"divider\"><\/div><\/div>\n\t\t\t<\/div> \n\t\t<\/div>\n\t<\/div> \n<\/div><\/div>\n\t\t<div id=\"fws_69da966ee19b1\"  data-column-margin=\"default\" data-midnight=\"dark\" data-top-percent=\"6%\" data-bottom-percent=\"6%\"  class=\"wpb_row vc_row-fluid vc_row full-width-section vc_row-o-equal-height vc_row-flex vc_row-o-content-middle\"  style=\"padding-top: calc(100vw * 0.06); padding-bottom: calc(100vw * 0.06); \"><div class=\"row-bg-wrap\" data-bg-animation=\"none\" data-bg-animation-delay=\"\" data-bg-overlay=\"false\"><div class=\"inner-wrap row-bg-layer\" ><div class=\"row-bg viewport-desktop using-bg-color\"  style=\"background-color: #f9f9f9; \"><\/div><\/div><\/div><div class=\"row_col_wrap_12 col span_12 dark left\">\n\t<div  class=\"vc_col-sm-12 wpb_column column_container vc_column_container col no-extra-padding inherit_tablet inherit_phone\"  data-padding-pos=\"all\" data-has-bg-color=\"false\" data-bg-color=\"\" data-bg-opacity=\"1\" data-animation=\"\" data-delay=\"0\" >\n\t\t<div class=\"vc_column-inner\" >\n\t\t\t<div class=\"wpb_wrapper\">\n\t\t\t\t<div id=\"fws_69da966ee1a93\" data-midnight=\"\" data-column-margin=\"default\" class=\"wpb_row vc_row-fluid vc_row inner_row\"  style=\"\"><div class=\"row-bg-wrap\"> <div class=\"row-bg\" ><\/div> <\/div><div class=\"row_col_wrap_12_inner col span_12  left\">\n\t<div  class=\"vc_col-sm-2 wpb_column column_container vc_column_container col child_column no-extra-padding inherit_tablet inherit_phone\"   data-padding-pos=\"all\" data-has-bg-color=\"false\" data-bg-color=\"\" data-bg-opacity=\"1\" data-animation=\"\" data-delay=\"0\" >\n\t\t<div class=\"vc_column-inner\" >\n\t\t<div class=\"wpb_wrapper\">\n\t\t\t\n\t\t<\/div> \n\t<\/div>\n\t<\/div> \n\n\t<div  class=\"vc_col-sm-8 wpb_column column_container vc_column_container col child_column centered-text has-animation padding-2-percent inherit_tablet inherit_phone\"   data-padding-pos=\"left-right\" data-has-bg-color=\"false\" data-bg-color=\"\" data-bg-opacity=\"1\" data-animation=\"fade-in\" data-delay=\"0\" >\n\t\t<div class=\"vc_column-inner\" >\n\t\t<div class=\"wpb_wrapper\">\n\t\t\t<div class=\"nectar-gradient-text\" data-direction=\"horizontal\" data-color=\"extra-color-gradient-2\" style=\"margin-bottom: 10px; \"><h5>Informaci\u00f3n Gral del EMTUR<\/h5><\/div><h2 style=\"font-size: 52px;line-height: 52px;text-align: center\" class=\"vc_custom_heading vc_do_custom_heading wpb_animate_when_almost_visible wpb_fadeInUp fadeInUp\" >\u00bfQu\u00e9 hacer en Mar del Plata?<\/h2><div class=\"divider-wrap\" data-alignment=\"default\"><div style=\"height: 10px;\" class=\"divider\"><\/div><\/div><a class=\"nectar-button jumbo regular extra-color-3 has-icon  wpb_animate_when_almost_visible wpb_zoomIn zoomIn regular-button\"  role=\"button\" style=\"margin-top: 30px; \" target=\"_blank\" href=\"https:\/\/www.turismomardelplata.gob.ar\/\" data-color-override=\"false\" data-hover-color-override=\"false\" data-hover-text-color-override=\"#fff\"><span>Ir al sitio<\/span><i  class=\"icon-button-arrow\"><\/i><\/a>\n\t\t<\/div> \n\t<\/div>\n\t<\/div> \n\n\t<div  class=\"vc_col-sm-2 wpb_column column_container vc_column_container col child_column no-extra-padding inherit_tablet inherit_phone\"   data-padding-pos=\"all\" data-has-bg-color=\"false\" data-bg-color=\"\" data-bg-opacity=\"1\" data-animation=\"\" data-delay=\"0\" >\n\t\t<div class=\"vc_column-inner\" >\n\t\t<div class=\"wpb_wrapper\">\n\t\t\t\n\t\t<\/div> \n\t<\/div>\n\t<\/div> \n<\/div><\/div>\n\t\t\t<\/div> \n\t\t<\/div>\n\t<\/div> \n<\/div><\/div>\n\t\t<div id=\"fws_69da966ee2134\"  data-column-margin=\"default\" data-midnight=\"light\"  class=\"wpb_row vc_row-fluid vc_row full-width-content vc_row-o-full-height vc_row-o-columns-stretch vc_row-o-equal-height vc_row-flex vc_row-o-content-middle\"  style=\"padding-top: 0px; padding-bottom: 0px; \"><div class=\"row-bg-wrap\" data-bg-animation=\"none\" data-bg-animation-delay=\"\" data-bg-overlay=\"false\"><div class=\"inner-wrap row-bg-layer\" ><div class=\"row-bg viewport-desktop\"  style=\"\"><\/div><\/div><\/div><div class=\"row_col_wrap_12 col span_12 light left\">\n\t<div style=\"\" class=\"vc_col-sm-4 wpb_column column_container vc_column_container col centered-text has-animation padding-8-percent inherit_tablet inherit_phone\" data-using-bg=\"true\" data-bg-cover=\"true\" data-padding-pos=\"all\" data-has-bg-color=\"true\" data-bg-color=\"#0a0a0a\" data-bg-opacity=\"0.5\" data-hover-bg=\"#000000\" data-hover-bg-opacity=\"0.7\" data-animation=\"grow-in\" data-delay=\"100\" >\n\t\t<div class=\"vc_column-inner\" ><div class=\"column-image-bg-wrap column-bg-layer viewport-desktop\" data-bg-pos=\"center center\" data-bg-animation=\"none\" data-bg-overlay=\"false\"><div class=\"inner-wrap\"><div class=\"column-image-bg\" style=\" background-image: url('https:\/\/labancariahotelmdp.com.ar\/menu\/wp-content\/uploads\/2025\/08\/DSC08091-1.jpg'); \"><\/div><\/div><\/div><div class=\"column-bg-overlay-wrap column-bg-layer\" data-bg-animation=\"none\"><div class=\"column-bg-overlay\" style=\"opacity: 0.5; background-color: #0a0a0a;\"><\/div><\/div>\n\t\t\t<div class=\"wpb_wrapper\">\n\t\t\t\t<h5 style=\"color: rgba(255,255,255,0.7);text-align: center\" class=\"vc_custom_heading vc_do_custom_heading\" ><\/h5><h3 style=\"text-align: center\" class=\"vc_custom_heading vc_do_custom_heading\" >OCE\u00c1NICA CAF\u00c9<\/h3><a class=\"nectar-button large see-through-2\"  role=\"button\" style=\"margin-top: 25px; \" target=\"_blank\" href=\"https:\/\/labancariahotelmdp.com.ar\/menu\/en\/oceanica-cafe\/\" data-color-override=\"false\"  data-hover-color-override=\"#333333\" data-hover-text-color-override=\"#ffffff\"><span>Ver Carta<\/span><\/a>\n\t\t\t<\/div> \n\t\t<\/div>\n\t<\/div> \n\n\t<div style=\"\" class=\"vc_col-sm-4 wpb_column column_container vc_column_container col centered-text has-animation padding-8-percent inherit_tablet inherit_phone\" data-using-bg=\"true\" data-bg-cover=\"true\" data-padding-pos=\"all\" data-has-bg-color=\"true\" data-bg-color=\"#000000\" data-bg-opacity=\"0.5\" data-hover-bg=\"#0a0a0a\" data-hover-bg-opacity=\"0.7\" data-animation=\"grow-in\" data-delay=\"0\" >\n\t\t<div class=\"vc_column-inner\" ><div class=\"column-image-bg-wrap column-bg-layer viewport-desktop\" data-bg-pos=\"center center\" data-bg-animation=\"none\" data-bg-overlay=\"false\"><div class=\"inner-wrap\"><div class=\"column-image-bg\" style=\" background-image: url('https:\/\/labancariahotelmdp.com.ar\/menu\/wp-content\/uploads\/2024\/11\/DSC03253.jpg'); \"><\/div><\/div><\/div><div class=\"column-bg-overlay-wrap column-bg-layer\" data-bg-animation=\"none\"><div class=\"column-bg-overlay\" style=\"opacity: 0.5; background-color: #000000;\"><\/div><\/div>\n\t\t\t<div class=\"wpb_wrapper\">\n\t\t\t\t<h5 style=\"color: rgba(255,255,255,0.7);text-align: center\" class=\"vc_custom_heading vc_do_custom_heading\" >Mediod\u00eda<\/h5><h3 style=\"text-align: center\" class=\"vc_custom_heading vc_do_custom_heading\" >VIRAZ\u00d3N<\/h3><a class=\"nectar-button large see-through-2\"  role=\"button\" style=\"margin-top: 25px; \" target=\"_blank\" href=\"https:\/\/labancariahotelmdp.com.ar\/menu\/en\/virazon-mediodia\/\" data-color-override=\"false\"  data-hover-color-override=\"#333333\" data-hover-text-color-override=\"#ffffff\"><span>Ver Carta<\/span><\/a>\n\t\t\t<\/div> \n\t\t<\/div>\n\t<\/div> \n\n\t<div style=\"\" class=\"vc_col-sm-4 wpb_column column_container vc_column_container col centered-text has-animation padding-8-percent inherit_tablet inherit_phone\" data-using-bg=\"true\" data-bg-cover=\"true\" data-padding-pos=\"all\" data-has-bg-color=\"true\" data-bg-color=\"#0a0a0a\" data-bg-opacity=\"0.5\" data-hover-bg=\"#0a0a0a\" data-hover-bg-opacity=\"0.7\" data-animation=\"grow-in\" data-delay=\"50\" >\n\t\t<div class=\"vc_column-inner\" ><div class=\"column-image-bg-wrap column-bg-layer viewport-desktop\" data-bg-pos=\"center center\" data-bg-animation=\"none\" data-bg-overlay=\"false\"><div class=\"inner-wrap\"><div class=\"column-image-bg\" style=\" background-image: url('https:\/\/labancariahotelmdp.com.ar\/menu\/wp-content\/uploads\/2024\/11\/DSC03214-scaled.jpg'); \"><\/div><\/div><\/div><div class=\"column-bg-overlay-wrap column-bg-layer\" data-bg-animation=\"none\"><div class=\"column-bg-overlay\" style=\"opacity: 0.5; background-color: #0a0a0a;\"><\/div><\/div>\n\t\t\t<div class=\"wpb_wrapper\">\n\t\t\t\t<h5 style=\"color: rgba(255,255,255,0.7);text-align: center\" class=\"vc_custom_heading vc_do_custom_heading\" >Noche<\/h5><h3 style=\"text-align: center\" class=\"vc_custom_heading vc_do_custom_heading\" >VIRAZ\u00d3N<\/h3><a class=\"nectar-button large see-through-2\"  role=\"button\" style=\"margin-top: 25px; \" target=\"_blank\" href=\"https:\/\/labancariahotelmdp.com.ar\/menu\/en\/virazon-noche\/\" data-color-override=\"false\"  data-hover-color-override=\"#333333\" data-hover-text-color-override=\"#ffffff\"><span>Ver Carta<\/span><\/a>\n\t\t\t<\/div> \n\t\t<\/div>\n\t<\/div> \n<\/div><\/div>\n\t\t<div id=\"fws_69da966ee270e\"  data-column-margin=\"default\" data-midnight=\"light\"  class=\"wpb_row vc_row-fluid vc_row full-width-content vc_row-o-full-height vc_row-o-columns-stretch vc_row-o-equal-height vc_row-flex vc_row-o-content-middle\"  style=\"padding-top: 0px; padding-bottom: 0px; \"><div class=\"row-bg-wrap\" data-bg-animation=\"none\" data-bg-animation-delay=\"\" data-bg-overlay=\"false\"><div class=\"inner-wrap row-bg-layer\" ><div class=\"row-bg viewport-desktop\"  style=\"\"><\/div><\/div><\/div><div class=\"row_col_wrap_12 col span_12 light left\">\n\t<div style=\"\" class=\"vc_col-sm-4 wpb_column column_container vc_column_container col centered-text has-animation padding-8-percent inherit_tablet inherit_phone\" data-using-bg=\"true\" data-bg-cover=\"true\" data-padding-pos=\"all\" data-has-bg-color=\"true\" data-bg-color=\"#0a0a0a\" data-bg-opacity=\"0.5\" data-hover-bg=\"#000000\" data-hover-bg-opacity=\"0.7\" data-animation=\"grow-in\" data-delay=\"100\" >\n\t\t<div class=\"vc_column-inner\" ><div class=\"column-image-bg-wrap column-bg-layer viewport-desktop\" data-bg-pos=\"center center\" data-bg-animation=\"none\" data-bg-overlay=\"false\"><div class=\"inner-wrap\"><div class=\"column-image-bg\" style=\" background-image: url('https:\/\/labancariahotelmdp.com.ar\/menu\/wp-content\/uploads\/2024\/12\/DSC02301.jpg'); \"><\/div><\/div><\/div><div class=\"column-bg-overlay-wrap column-bg-layer\" data-bg-animation=\"none\"><div class=\"column-bg-overlay\" style=\"opacity: 0.5; background-color: #0a0a0a;\"><\/div><\/div>\n\t\t\t<div class=\"wpb_wrapper\">\n\t\t\t\t<h5 style=\"color: rgba(255,255,255,0.7);text-align: center\" class=\"vc_custom_heading vc_do_custom_heading\" >Pool Bar<\/h5><h3 style=\"text-align: center\" class=\"vc_custom_heading vc_do_custom_heading\" >V\u00c9RTIGO<\/h3><a class=\"nectar-button large see-through-2\"  role=\"button\" style=\"margin-top: 25px; \" target=\"_blank\" href=\"https:\/\/labancariahotelmdp.com.ar\/menu\/en\/vertigo-pool-bar\/\" data-color-override=\"false\"  data-hover-color-override=\"#333333\" data-hover-text-color-override=\"#ffffff\"><span>Ver Carta<\/span><\/a>\n\t\t\t<\/div> \n\t\t<\/div>\n\t<\/div> \n\n\t<div style=\"\" class=\"vc_col-sm-4 wpb_column column_container vc_column_container col centered-text has-animation padding-8-percent inherit_tablet inherit_phone\" data-using-bg=\"true\" data-bg-cover=\"true\" data-padding-pos=\"all\" data-has-bg-color=\"true\" data-bg-color=\"#000000\" data-bg-opacity=\"0.5\" data-hover-bg=\"#0a0a0a\" data-hover-bg-opacity=\"0.7\" data-animation=\"grow-in\" data-delay=\"0\" >\n\t\t<div class=\"vc_column-inner\" ><div class=\"column-image-bg-wrap column-bg-layer viewport-desktop\" data-bg-pos=\"center center\" data-bg-animation=\"none\" data-bg-overlay=\"false\"><div class=\"inner-wrap\"><div class=\"column-image-bg\" style=\" background-image: url('https:\/\/labancariahotelmdp.com.ar\/menu\/wp-content\/uploads\/2025\/08\/LA-BANCARIA-01.05-30.jpg'); \"><\/div><\/div><\/div><div class=\"column-bg-overlay-wrap column-bg-layer\" data-bg-animation=\"none\"><div class=\"column-bg-overlay\" style=\"opacity: 0.5; background-color: #000000;\"><\/div><\/div>\n\t\t\t<div class=\"wpb_wrapper\">\n\t\t\t\t<h5 style=\"color: rgba(255,255,255,0.7);text-align: center\" class=\"vc_custom_heading vc_do_custom_heading\" >Rooftop<\/h5><h3 style=\"text-align: center\" class=\"vc_custom_heading vc_do_custom_heading\" >V\u00c9RTIGO<\/h3><a class=\"nectar-button large see-through-2\"  role=\"button\" style=\"margin-top: 25px; \" target=\"_blank\" href=\"https:\/\/labancariahotelmdp.com.ar\/menu\/en\/vertigo-rooftop\/\" data-color-override=\"false\"  data-hover-color-override=\"#333333\" data-hover-text-color-override=\"#ffffff\"><span>Ver Carta<\/span><\/a>\n\t\t\t<\/div> \n\t\t<\/div>\n\t<\/div> \n\n\t<div style=\"\" class=\"vc_col-sm-4 wpb_column column_container vc_column_container col centered-text has-animation padding-8-percent inherit_tablet inherit_phone\" data-using-bg=\"true\" data-bg-cover=\"true\" data-padding-pos=\"all\" data-has-bg-color=\"true\" data-bg-color=\"#0a0a0a\" data-bg-opacity=\"0.5\" data-hover-bg=\"#0a0a0a\" data-hover-bg-opacity=\"0.7\" data-animation=\"grow-in\" data-delay=\"50\" >\n\t\t<div class=\"vc_column-inner\" ><div class=\"column-image-bg-wrap column-bg-layer viewport-desktop\" data-bg-pos=\"center center\" data-bg-animation=\"none\" data-bg-overlay=\"false\"><div class=\"inner-wrap\"><div class=\"column-image-bg\" style=\" background-image: url('https:\/\/labancariahotelmdp.com.ar\/menu\/wp-content\/uploads\/2024\/12\/DSC02370.jpg'); \"><\/div><\/div><\/div><div class=\"column-bg-overlay-wrap column-bg-layer\" data-bg-animation=\"none\"><div class=\"column-bg-overlay\" style=\"opacity: 0.5; background-color: #0a0a0a;\"><\/div><\/div>\n\t\t\t<div class=\"wpb_wrapper\">\n\t\t\t\t<h5 style=\"color: rgba(255,255,255,0.7);text-align: center\" class=\"vc_custom_heading vc_do_custom_heading\" ><\/h5><h3 style=\"text-align: center\" class=\"vc_custom_heading vc_do_custom_heading\" >SPA LAS PIRCAS<\/h3><a class=\"nectar-button large see-through-2\"  role=\"button\" style=\"margin-top: 25px; \" target=\"_blank\" href=\"https:\/\/labancariahotelmdp.com.ar\/menu\/en\/spa-las-pircas\/\" data-color-override=\"false\"  data-hover-color-override=\"#333333\" data-hover-text-color-override=\"#ffffff\"><span>Ver Carta<\/span><\/a>\n\t\t\t<\/div> \n\t\t<\/div>\n\t<\/div> \n<\/div><\/div>","protected":false},"excerpt":{"rendered":"La Bancaria Hotel Mar del Plata Es un honor recibirlos. Deseamos que su estad\u00eda sea placentera y memorable. Navigate to the next section Consideraciones para una estad\u00eda armoniosa Ambientes libres...","protected":false},"author":1,"featured_media":368,"parent":0,"menu_order":0,"comment_status":"closed","ping_status":"closed","template":"","meta":{"footnotes":""},"class_list":["post-355","page","type-page","status-publish","has-post-thumbnail"],"_links":{"self":[{"href":"https:\/\/labancariahotelmdp.com.ar\/menu\/en\/wp-json\/wp\/v2\/pages\/355","targetHints":{"allow":["GET"]}}],"collection":[{"href":"https:\/\/labancariahotelmdp.com.ar\/menu\/en\/wp-json\/wp\/v2\/pages"}],"about":[{"href":"https:\/\/labancariahotelmdp.com.ar\/menu\/en\/wp-json\/wp\/v2\/types\/page"}],"author":[{"embeddable":true,"href":"https:\/\/labancariahotelmdp.com.ar\/menu\/en\/wp-json\/wp\/v2\/users\/1"}],"replies":[{"embeddable":true,"href":"https:\/\/labancariahotelmdp.com.ar\/menu\/en\/wp-json\/wp\/v2\/comments?post=355"}],"version-history":[{"count":0,"href":"https:\/\/labancariahotelmdp.com.ar\/menu\/en\/wp-json\/wp\/v2\/pages\/355\/revisions"}],"wp:featuredmedia":[{"embeddable":true,"href":"https:\/\/labancariahotelmdp.com.ar\/menu\/en\/wp-json\/wp\/v2\/media\/368"}],"wp:attachment":[{"href":"https:\/\/labancariahotelmdp.com.ar\/menu\/en\/wp-json\/wp\/v2\/media?parent=355"}],"curies":[{"name":"wp","href":"https:\/\/api.w.org\/{rel}","templated":true}]}}