{"id":6,"date":"2024-11-12T19:25:28","date_gmt":"2024-11-12T18:25:28","guid":{"rendered":"https:\/\/labancariahotelmdp.com.ar\/menu\/?page_id=6"},"modified":"2024-12-03T21:39:55","modified_gmt":"2024-12-03T20:39:55","slug":"menu","status":"publish","type":"page","link":"https:\/\/labancariahotelmdp.com.ar\/menu\/en\/","title":{"rendered":"Menu"},"content":{"rendered":"<div id=\"work\"  data-column-margin=\"default\" data-midnight=\"light\"  class=\"wpb_row vc_row-fluid vc_row full-width-content vc_row-o-equal-height vc_row-flex vc_row-o-content-top  right_padding_40px left_padding_40px top_padding_tablet_40px bottom_padding_tablet_40px right_padding_tablet_6pct left_padding_tablet_6pct\"  style=\"padding-top: 80px; padding-bottom: 80px; \"><div class=\"row-bg-wrap\" data-bg-animation=\"none\" data-bg-animation-delay=\"\" data-bg-overlay=\"false\"><div class=\"inner-wrap row-bg-layer\" ><div class=\"row-bg viewport-desktop using-bg-color\"  style=\"background-color: #333333; \"><\/div><\/div><\/div><div class=\"row_col_wrap_12 col span_12 light left\">\n\t<div  class=\"vc_col-sm-12 wpb_column column_container vc_column_container col no-extra-padding inherit_tablet inherit_phone\"  data-padding-pos=\"all\" data-has-bg-color=\"false\" data-bg-color=\"\" data-bg-opacity=\"1\" data-animation=\"\" data-delay=\"0\" >\n\t\t<div class=\"vc_column-inner\" >\n\t\t\t<div class=\"wpb_wrapper\">\n\t\t\t\t<div class='nectar-post-grid-wrap text-color-light additional-meta-size-small spacing-40px' data-el-settings='{\"post_type\":\"custom\",\"pagination\":\"none\",\"image_size\":\"full\",\"parallax_scrolling\":\"\",\"aspect_ratio_image_size\":\"\",\"category_position\":\"default\",\"category_display\":\"default\",\"display_categories\":\"0\",\"display_excerpt\":\"0\",\"excerpt_length\":\"20\",\"display_date\":\"0\",\"display_estimated_reading_time\":\"0\",\"display_author\":\"0\",\"author_functionality\":\"default\",\"author_position\":\"default\",\"color_overlay\":\"rgba(20,20,20,0.82)\",\"color_overlay_opacity\":\"0.3\",\"color_overlay_hover_opacity\":\"0.3\",\"card_bg_color\":\"\",\"grid_style\":\"content_overlaid\",\"hover_effect\":\"none\",\"post_title_overlay\":\"\",\"heading_tag\":\"h2\",\"enable_gallery_lightbox\":\"0\",\"category_style\":\"underline\",\"overlay_secondary_project_image\":\"\",\"vertical_list_hover_effect\":\"none\",\"vertical_list_read_more\":\"\",\"read_more_button\":\"0\",\"animation\":\"none\",\"custom_fields\":\"%5B%5D\",\"custom_fields_location\":\"before_post_meta\",\"display_type\":\"stack\"}' data-style='content_overlaid' data-query='{\"post_type\":\"custom\",\"posts_per_page\":\"10\",\"order\":\"DESC\",\"orderby\":\"date\",\"offset\":\"0\",\"cpt_name\":\"page\",\"custom_query_tax\":\"\",\"ignore_sticky_posts\":\"\",\"exclude_current_post\":\"yes\"}' data-load-more-color='black' data-load-more-text='Load More'><div class=\"nectar-post-grid layout-stacked custom_font_size_12vw font_size_max_220px font_size_tablet_12vw text-opacity-1 text-opacity-hover-1 category-position-before-title\" data-lazy-skip=\"1\" data-indicator=\"yes\" data-indicator-style=\"tooltip_text\" data-indicator-blur=\"true\" data-indicator-text-color=\"#ffffff\" data-indicator-color=\"rgba(0,0,0,0.23)\" data-indicator-text=\"View\" data-stack-animation-effect=\"blurred_scale\" data-post-item-bg-color=\"rgba(20,20,20,0.82)\" data-columns=\"1\" data-hover-effect=\"none\" data-text-style=\"default\" data-border-radius=\"25px\" data-grid-item-height=\"80vh\" data-grid-spacing=\"40px\" data-text-layout=\"all_middle\" data-text-color=\"light\" data-text-hover-color=\"light\" data-shadow-hover=\"\" data-animation=\"none\" data-animation-stagger=\"90\" data-cat-click=\"default\" style=\"--post-grid-border-radius:25px;\" ><div class=\"nectar-post-grid-item\" data-post-id=\"415\" data-has-img=\"true\"> <div class=\"inner\"><div class=\"nectar-post-grid-item-bg-wrap\"><div class=\"nectar-post-grid-item-bg-wrap-inner\"><div class=\"nectar-post-grid-item-bg\"><img loading=\"lazy\" decoding=\"async\" width=\"1500\" height=\"1000\" src=\"https:\/\/labancariahotelmdp.com.ar\/menu\/wp-content\/uploads\/2025\/09\/DSC01858.jpg\" class=\"attachment-full size-full wp-post-image\" alt=\"\" srcset=\"https:\/\/labancariahotelmdp.com.ar\/menu\/wp-content\/uploads\/2025\/09\/DSC01858.jpg 1500w, https:\/\/labancariahotelmdp.com.ar\/menu\/wp-content\/uploads\/2025\/09\/DSC01858-300x200.jpg 300w, https:\/\/labancariahotelmdp.com.ar\/menu\/wp-content\/uploads\/2025\/09\/DSC01858-1024x683.jpg 1024w, https:\/\/labancariahotelmdp.com.ar\/menu\/wp-content\/uploads\/2025\/09\/DSC01858-768x512.jpg 768w, https:\/\/labancariahotelmdp.com.ar\/menu\/wp-content\/uploads\/2025\/09\/DSC01858-18x12.jpg 18w, https:\/\/labancariahotelmdp.com.ar\/menu\/wp-content\/uploads\/2025\/09\/DSC01858-900x600.jpg 900w\" sizes=\"auto, (max-width: 1500px) 100vw, 1500px\" \/><\/div><\/div><\/div><div class=\"bg-overlay\" style=\" background-color: rgba(20,20,20,0.82);\" data-opacity=\"0.3\" data-hover-opacity=\"0.3\"><\/div><div class=\"content\"><a class=\"nectar-post-grid-link\" href=\"https:\/\/labancariahotelmdp.com.ar\/menu\/en\/frigobar\/\" ><span class=\"screen-reader-text\">Frigobar<\/span><\/a><div class=\"item-main\"><h2 class=\"post-heading\"><a href=\"https:\/\/labancariahotelmdp.com.ar\/menu\/en\/frigobar\/\"><span>Frigobar<\/span><\/a><\/h2><\/div><\/div><\/div><\/div><div class=\"nectar-post-grid-item\" data-post-id=\"355\" data-has-img=\"true\"> <div class=\"inner\"><div class=\"nectar-post-grid-item-bg-wrap\"><div class=\"nectar-post-grid-item-bg-wrap-inner\"><div class=\"nectar-post-grid-item-bg\"><img loading=\"lazy\" decoding=\"async\" class=\"nectar-lazy skip-lazy\" src=\"data:image\/svg+xml;charset=utf-8,%3Csvg%20xmlns%3D'http%3A%2F%2Fwww.w3.org%2F2000%2Fsvg'%20viewBox%3D'0%200%201920%201508'%2F%3E\" alt=\"\" height=\"1508\" width=\"1920\" data-nectar-img-src=\"https:\/\/labancariahotelmdp.com.ar\/menu\/wp-content\/uploads\/2025\/08\/DSC02156.jpg\" data-nectar-img-srcset=\"https:\/\/labancariahotelmdp.com.ar\/menu\/wp-content\/uploads\/2025\/08\/DSC02156.jpg 1920w, https:\/\/labancariahotelmdp.com.ar\/menu\/wp-content\/uploads\/2025\/08\/DSC02156-300x236.jpg 300w, https:\/\/labancariahotelmdp.com.ar\/menu\/wp-content\/uploads\/2025\/08\/DSC02156-1024x804.jpg 1024w, https:\/\/labancariahotelmdp.com.ar\/menu\/wp-content\/uploads\/2025\/08\/DSC02156-768x603.jpg 768w, https:\/\/labancariahotelmdp.com.ar\/menu\/wp-content\/uploads\/2025\/08\/DSC02156-1536x1206.jpg 1536w, https:\/\/labancariahotelmdp.com.ar\/menu\/wp-content\/uploads\/2025\/08\/DSC02156-15x12.jpg 15w\" sizes=\"auto, (max-width: 1920px) 100vw, 1920px\" \/><\/div><\/div><\/div><div class=\"bg-overlay\" style=\" background-color: rgba(20,20,20,0.82);\" data-opacity=\"0.3\" data-hover-opacity=\"0.3\"><\/div><div class=\"content\"><a class=\"nectar-post-grid-link\" href=\"https:\/\/labancariahotelmdp.com.ar\/menu\/en\/informacion\/\" ><span class=\"screen-reader-text\">Informaci\u00f3n<\/span><\/a><div class=\"item-main\"><h2 class=\"post-heading\"><a href=\"https:\/\/labancariahotelmdp.com.ar\/menu\/en\/informacion\/\"><span>Informaci\u00f3n<\/span><\/a><\/h2><\/div><\/div><\/div><\/div><div class=\"nectar-post-grid-item\" data-post-id=\"154\" data-has-img=\"true\"> <div class=\"inner\"><div class=\"nectar-post-grid-item-bg-wrap\"><div class=\"nectar-post-grid-item-bg-wrap-inner\"><div class=\"nectar-post-grid-item-bg\"><img loading=\"lazy\" decoding=\"async\" class=\"nectar-lazy skip-lazy\" src=\"data:image\/svg+xml;charset=utf-8,%3Csvg%20xmlns%3D'http%3A%2F%2Fwww.w3.org%2F2000%2Fsvg'%20viewBox%3D'0%200%202048%201365'%2F%3E\" alt=\"\" height=\"1365\" width=\"2048\" data-nectar-img-src=\"https:\/\/labancariahotelmdp.com.ar\/menu\/wp-content\/uploads\/2024\/12\/DSC02521.jpg\" data-nectar-img-srcset=\"https:\/\/labancariahotelmdp.com.ar\/menu\/wp-content\/uploads\/2024\/12\/DSC02521.jpg 2048w, https:\/\/labancariahotelmdp.com.ar\/menu\/wp-content\/uploads\/2024\/12\/DSC02521-300x200.jpg 300w, https:\/\/labancariahotelmdp.com.ar\/menu\/wp-content\/uploads\/2024\/12\/DSC02521-1024x683.jpg 1024w, https:\/\/labancariahotelmdp.com.ar\/menu\/wp-content\/uploads\/2024\/12\/DSC02521-768x512.jpg 768w, https:\/\/labancariahotelmdp.com.ar\/menu\/wp-content\/uploads\/2024\/12\/DSC02521-1536x1024.jpg 1536w, https:\/\/labancariahotelmdp.com.ar\/menu\/wp-content\/uploads\/2024\/12\/DSC02521-900x600.jpg 900w\" sizes=\"auto, (max-width: 2048px) 100vw, 2048px\" \/><\/div><\/div><\/div><div class=\"bg-overlay\" style=\" background-color: rgba(20,20,20,0.82);\" data-opacity=\"0.3\" data-hover-opacity=\"0.3\"><\/div><div class=\"content\"><a class=\"nectar-post-grid-link\" href=\"https:\/\/labancariahotelmdp.com.ar\/menu\/en\/spa-las-pircas\/\" ><span class=\"screen-reader-text\">Spa Las Pircas<\/span><\/a><div class=\"item-main\"><h2 class=\"post-heading\"><a href=\"https:\/\/labancariahotelmdp.com.ar\/menu\/en\/spa-las-pircas\/\"><span>Spa Las Pircas<\/span><\/a><\/h2><\/div><\/div><\/div><\/div><div class=\"nectar-post-grid-item\" data-post-id=\"145\" data-has-img=\"true\"> <div class=\"inner\"><div class=\"nectar-post-grid-item-bg-wrap\"><div class=\"nectar-post-grid-item-bg-wrap-inner\"><div class=\"nectar-post-grid-item-bg\"><img loading=\"lazy\" decoding=\"async\" class=\"nectar-lazy skip-lazy\" src=\"data:image\/svg+xml;charset=utf-8,%3Csvg%20xmlns%3D'http%3A%2F%2Fwww.w3.org%2F2000%2Fsvg'%20viewBox%3D'0%200%202048%201365'%2F%3E\" alt=\"\" height=\"1365\" width=\"2048\" data-nectar-img-src=\"https:\/\/labancariahotelmdp.com.ar\/menu\/wp-content\/uploads\/2024\/12\/DSC02344.jpg\" data-nectar-img-srcset=\"https:\/\/labancariahotelmdp.com.ar\/menu\/wp-content\/uploads\/2024\/12\/DSC02344.jpg 2048w, https:\/\/labancariahotelmdp.com.ar\/menu\/wp-content\/uploads\/2024\/12\/DSC02344-300x200.jpg 300w, https:\/\/labancariahotelmdp.com.ar\/menu\/wp-content\/uploads\/2024\/12\/DSC02344-1024x683.jpg 1024w, https:\/\/labancariahotelmdp.com.ar\/menu\/wp-content\/uploads\/2024\/12\/DSC02344-768x512.jpg 768w, https:\/\/labancariahotelmdp.com.ar\/menu\/wp-content\/uploads\/2024\/12\/DSC02344-1536x1024.jpg 1536w, https:\/\/labancariahotelmdp.com.ar\/menu\/wp-content\/uploads\/2024\/12\/DSC02344-900x600.jpg 900w\" sizes=\"auto, (max-width: 2048px) 100vw, 2048px\" \/><\/div><\/div><\/div><div class=\"bg-overlay\" style=\" background-color: rgba(20,20,20,0.82);\" data-opacity=\"0.3\" data-hover-opacity=\"0.3\"><\/div><div class=\"content\"><a class=\"nectar-post-grid-link\" href=\"https:\/\/labancariahotelmdp.com.ar\/menu\/en\/vertigo-pool-bar\/\" ><span class=\"screen-reader-text\">V\u00e9rtigo Pool Bar<\/span><\/a><div class=\"item-main\"><h2 class=\"post-heading\"><a href=\"https:\/\/labancariahotelmdp.com.ar\/menu\/en\/vertigo-pool-bar\/\"><span>V\u00e9rtigo Pool Bar<\/span><\/a><\/h2><\/div><\/div><\/div><\/div><div class=\"nectar-post-grid-item\" data-post-id=\"131\" data-has-img=\"true\"> <div class=\"inner\"><div class=\"nectar-post-grid-item-bg-wrap\"><div class=\"nectar-post-grid-item-bg-wrap-inner\"><div class=\"nectar-post-grid-item-bg\"><img loading=\"lazy\" decoding=\"async\" class=\"nectar-lazy skip-lazy\" src=\"data:image\/svg+xml;charset=utf-8,%3Csvg%20xmlns%3D'http%3A%2F%2Fwww.w3.org%2F2000%2Fsvg'%20viewBox%3D'0%200%202048%201365'%2F%3E\" alt=\"\" height=\"1365\" width=\"2048\" data-nectar-img-src=\"https:\/\/labancariahotelmdp.com.ar\/menu\/wp-content\/uploads\/2024\/12\/DSC01752.jpg\" data-nectar-img-srcset=\"https:\/\/labancariahotelmdp.com.ar\/menu\/wp-content\/uploads\/2024\/12\/DSC01752.jpg 2048w, https:\/\/labancariahotelmdp.com.ar\/menu\/wp-content\/uploads\/2024\/12\/DSC01752-300x200.jpg 300w, https:\/\/labancariahotelmdp.com.ar\/menu\/wp-content\/uploads\/2024\/12\/DSC01752-1024x683.jpg 1024w, https:\/\/labancariahotelmdp.com.ar\/menu\/wp-content\/uploads\/2024\/12\/DSC01752-768x512.jpg 768w, https:\/\/labancariahotelmdp.com.ar\/menu\/wp-content\/uploads\/2024\/12\/DSC01752-1536x1024.jpg 1536w, https:\/\/labancariahotelmdp.com.ar\/menu\/wp-content\/uploads\/2024\/12\/DSC01752-900x600.jpg 900w\" sizes=\"auto, (max-width: 2048px) 100vw, 2048px\" \/><\/div><\/div><\/div><div class=\"bg-overlay\" style=\" background-color: rgba(20,20,20,0.82);\" data-opacity=\"0.3\" data-hover-opacity=\"0.3\"><\/div><div class=\"content\"><a class=\"nectar-post-grid-link\" href=\"https:\/\/labancariahotelmdp.com.ar\/menu\/en\/oceanica-cafe\/\" ><span class=\"screen-reader-text\">Oce\u00e1nica Caf\u00e9<\/span><\/a><div class=\"item-main\"><h2 class=\"post-heading\"><a href=\"https:\/\/labancariahotelmdp.com.ar\/menu\/en\/oceanica-cafe\/\"><span>Oce\u00e1nica Caf\u00e9<\/span><\/a><\/h2><\/div><\/div><\/div><\/div><div class=\"nectar-post-grid-item\" data-post-id=\"122\" data-has-img=\"true\"> <div class=\"inner\"><div class=\"nectar-post-grid-item-bg-wrap\"><div class=\"nectar-post-grid-item-bg-wrap-inner\"><div class=\"nectar-post-grid-item-bg\"><img loading=\"lazy\" decoding=\"async\" class=\"nectar-lazy skip-lazy\" src=\"data:image\/svg+xml;charset=utf-8,%3Csvg%20xmlns%3D'http%3A%2F%2Fwww.w3.org%2F2000%2Fsvg'%20viewBox%3D'0%200%201920%201280'%2F%3E\" alt=\"\" height=\"1280\" width=\"1920\" data-nectar-img-src=\"https:\/\/labancariahotelmdp.com.ar\/menu\/wp-content\/uploads\/2024\/12\/NV0_0439.jpg\" data-nectar-img-srcset=\"https:\/\/labancariahotelmdp.com.ar\/menu\/wp-content\/uploads\/2024\/12\/NV0_0439.jpg 1920w, https:\/\/labancariahotelmdp.com.ar\/menu\/wp-content\/uploads\/2024\/12\/NV0_0439-300x200.jpg 300w, https:\/\/labancariahotelmdp.com.ar\/menu\/wp-content\/uploads\/2024\/12\/NV0_0439-1024x683.jpg 1024w, https:\/\/labancariahotelmdp.com.ar\/menu\/wp-content\/uploads\/2024\/12\/NV0_0439-768x512.jpg 768w, https:\/\/labancariahotelmdp.com.ar\/menu\/wp-content\/uploads\/2024\/12\/NV0_0439-1536x1024.jpg 1536w, https:\/\/labancariahotelmdp.com.ar\/menu\/wp-content\/uploads\/2024\/12\/NV0_0439-900x600.jpg 900w\" sizes=\"auto, (max-width: 1920px) 100vw, 1920px\" \/><\/div><\/div><\/div><div class=\"bg-overlay\" style=\" background-color: rgba(20,20,20,0.82);\" data-opacity=\"0.3\" data-hover-opacity=\"0.3\"><\/div><div class=\"content\"><a class=\"nectar-post-grid-link\" href=\"https:\/\/labancariahotelmdp.com.ar\/menu\/en\/vertigo-rooftop\/\" ><span class=\"screen-reader-text\">V\u00e9rtigo Rooftop<\/span><\/a><div class=\"item-main\"><h2 class=\"post-heading\"><a href=\"https:\/\/labancariahotelmdp.com.ar\/menu\/en\/vertigo-rooftop\/\"><span>V\u00e9rtigo Rooftop<\/span><\/a><\/h2><\/div><\/div><\/div><\/div><div class=\"nectar-post-grid-item\" data-post-id=\"101\" data-has-img=\"true\"> <div class=\"inner\"><div class=\"nectar-post-grid-item-bg-wrap\"><div class=\"nectar-post-grid-item-bg-wrap-inner\"><div class=\"nectar-post-grid-item-bg\"><img loading=\"lazy\" decoding=\"async\" class=\"nectar-lazy skip-lazy\" src=\"data:image\/svg+xml;charset=utf-8,%3Csvg%20xmlns%3D'http%3A%2F%2Fwww.w3.org%2F2000%2Fsvg'%20viewBox%3D'0%200%202048%201365'%2F%3E\" alt=\"\" height=\"1365\" width=\"2048\" data-nectar-img-src=\"https:\/\/labancariahotelmdp.com.ar\/menu\/wp-content\/uploads\/2024\/12\/DSC02125.jpg\" data-nectar-img-srcset=\"https:\/\/labancariahotelmdp.com.ar\/menu\/wp-content\/uploads\/2024\/12\/DSC02125.jpg 2048w, https:\/\/labancariahotelmdp.com.ar\/menu\/wp-content\/uploads\/2024\/12\/DSC02125-300x200.jpg 300w, https:\/\/labancariahotelmdp.com.ar\/menu\/wp-content\/uploads\/2024\/12\/DSC02125-1024x683.jpg 1024w, https:\/\/labancariahotelmdp.com.ar\/menu\/wp-content\/uploads\/2024\/12\/DSC02125-768x512.jpg 768w, https:\/\/labancariahotelmdp.com.ar\/menu\/wp-content\/uploads\/2024\/12\/DSC02125-1536x1024.jpg 1536w, https:\/\/labancariahotelmdp.com.ar\/menu\/wp-content\/uploads\/2024\/12\/DSC02125-900x600.jpg 900w\" sizes=\"auto, (max-width: 2048px) 100vw, 2048px\" \/><\/div><\/div><\/div><div class=\"bg-overlay\" style=\" background-color: rgba(20,20,20,0.82);\" data-opacity=\"0.3\" data-hover-opacity=\"0.3\"><\/div><div class=\"content\"><a class=\"nectar-post-grid-link\" href=\"https:\/\/labancariahotelmdp.com.ar\/menu\/en\/virazon-mediodia\/\" ><span class=\"screen-reader-text\">Viraz\u00f3n (Lunch)<\/span><\/a><div class=\"item-main\"><h2 class=\"post-heading\"><a href=\"https:\/\/labancariahotelmdp.com.ar\/menu\/en\/virazon-mediodia\/\"><span>Viraz\u00f3n (Lunch)<\/span><\/a><\/h2><\/div><\/div><\/div><\/div><div class=\"nectar-post-grid-item\" data-post-id=\"13\" data-has-img=\"true\"> <div class=\"inner\"><div class=\"nectar-post-grid-item-bg-wrap\"><div class=\"nectar-post-grid-item-bg-wrap-inner\"><div class=\"nectar-post-grid-item-bg\"><img loading=\"lazy\" decoding=\"async\" class=\"nectar-lazy skip-lazy\" src=\"data:image\/svg+xml;charset=utf-8,%3Csvg%20xmlns%3D'http%3A%2F%2Fwww.w3.org%2F2000%2Fsvg'%20viewBox%3D'0%200%202048%201324'%2F%3E\" alt=\"\" height=\"1324\" width=\"2048\" data-nectar-img-src=\"https:\/\/labancariahotelmdp.com.ar\/menu\/wp-content\/uploads\/2024\/11\/DSC02111.jpg\" data-nectar-img-srcset=\"https:\/\/labancariahotelmdp.com.ar\/menu\/wp-content\/uploads\/2024\/11\/DSC02111.jpg 2048w, https:\/\/labancariahotelmdp.com.ar\/menu\/wp-content\/uploads\/2024\/11\/DSC02111-300x194.jpg 300w, https:\/\/labancariahotelmdp.com.ar\/menu\/wp-content\/uploads\/2024\/11\/DSC02111-1024x662.jpg 1024w, https:\/\/labancariahotelmdp.com.ar\/menu\/wp-content\/uploads\/2024\/11\/DSC02111-768x497.jpg 768w, https:\/\/labancariahotelmdp.com.ar\/menu\/wp-content\/uploads\/2024\/11\/DSC02111-1536x993.jpg 1536w\" sizes=\"auto, (max-width: 2048px) 100vw, 2048px\" \/><\/div><\/div><\/div><div class=\"bg-overlay\" style=\" background-color: rgba(20,20,20,0.82);\" data-opacity=\"0.3\" data-hover-opacity=\"0.3\"><\/div><div class=\"content\"><a class=\"nectar-post-grid-link\" href=\"https:\/\/labancariahotelmdp.com.ar\/menu\/en\/virazon-noche\/\" ><span class=\"screen-reader-text\">Viraz\u00f3n (Dinner)<\/span><\/a><div class=\"item-main\"><h2 class=\"post-heading\"><a href=\"https:\/\/labancariahotelmdp.com.ar\/menu\/en\/virazon-noche\/\"><span>Viraz\u00f3n (Dinner)<\/span><\/a><\/h2><\/div><\/div><\/div><\/div><\/div><\/div>\n\t\t\t<\/div> \n\t\t<\/div>\n\t<\/div> \n<\/div><\/div>","protected":false},"excerpt":{"rendered":"Carta Noche EntradasPrincipalesPostresMen\u00fa InfantilBebidas Entradas Tiradito de pez lim\u00f3n y salm\u00f3n rosado. $19.500 Pez lim\u00f3n, salm\u00f3n rosado, vinagreta de hibiscus y vinagreta de lima. Langostino apanados $ 12.600 Langostinos apanados,...","protected":false},"author":1,"featured_media":0,"parent":0,"menu_order":0,"comment_status":"closed","ping_status":"closed","template":"","meta":{"footnotes":""},"class_list":["post-6","page","type-page","status-publish"],"_links":{"self":[{"href":"https:\/\/labancariahotelmdp.com.ar\/menu\/en\/wp-json\/wp\/v2\/pages\/6","targetHints":{"allow":["GET"]}}],"collection":[{"href":"https:\/\/labancariahotelmdp.com.ar\/menu\/en\/wp-json\/wp\/v2\/pages"}],"about":[{"href":"https:\/\/labancariahotelmdp.com.ar\/menu\/en\/wp-json\/wp\/v2\/types\/page"}],"author":[{"embeddable":true,"href":"https:\/\/labancariahotelmdp.com.ar\/menu\/en\/wp-json\/wp\/v2\/users\/1"}],"replies":[{"embeddable":true,"href":"https:\/\/labancariahotelmdp.com.ar\/menu\/en\/wp-json\/wp\/v2\/comments?post=6"}],"version-history":[{"count":0,"href":"https:\/\/labancariahotelmdp.com.ar\/menu\/en\/wp-json\/wp\/v2\/pages\/6\/revisions"}],"wp:attachment":[{"href":"https:\/\/labancariahotelmdp.com.ar\/menu\/en\/wp-json\/wp\/v2\/media?parent=6"}],"curies":[{"name":"wp","href":"https:\/\/api.w.org\/{rel}","templated":true}]}}